{"id":4599,"date":"2022-09-14T08:55:19","date_gmt":"2022-09-14T08:55:19","guid":{"rendered":"https:\/\/mountainspaces.com\/garde-denfants-a-morzine\/"},"modified":"2025-09-25T12:40:22","modified_gmt":"2025-09-25T12:40:22","slug":"garde-denfants-a-morzine","status":"publish","type":"page","link":"https:\/\/mountainspaces.com\/fr\/garde-denfants-a-morzine\/","title":{"rendered":"Garde d&rsquo;enfants \u00e0 Morzine"},"content":{"rendered":"\t\t<div data-elementor-type=\"wp-page\" data-elementor-id=\"4599\" class=\"elementor elementor-4599\" data-elementor-post-type=\"page\">\n\t\t\t\t<div class=\"elementor-element elementor-element-fb5e0c5 e-con-full e-flex e-con e-parent\" data-id=\"fb5e0c5\" data-element_type=\"container\" data-e-type=\"container\" data-settings=\"{&quot;background_background&quot;:&quot;classic&quot;,&quot;jet_parallax_layout_list&quot;:[]}\">\n\t\t<div class=\"elementor-element elementor-element-cb039cb e-con-full e-flex e-con e-child\" data-id=\"cb039cb\" data-element_type=\"container\" data-e-type=\"container\" data-settings=\"{&quot;jet_parallax_layout_list&quot;:[]}\">\n\t\t\t\t<div class=\"elementor-element elementor-element-daae8b5 elementor-widget__width-auto elementor-widget elementor-widget-heading\" data-id=\"daae8b5\" data-element_type=\"widget\" data-e-type=\"widget\" data-widget_type=\"heading.default\">\n\t\t\t\t<div class=\"elementor-widget-container\">\n\t\t\t\t\t<h4 class=\"elementor-heading-title elementor-size-default\">Cr\u00e8ches et Clubs Enfants<\/h4>\t\t\t\t<\/div>\n\t\t\t\t<\/div>\n\t\t\t\t<\/div>\n\t\t\t\t<\/div>\n\t\t<div class=\"elementor-element elementor-element-cd468ea e-flex e-con-boxed e-con e-parent\" data-id=\"cd468ea\" data-element_type=\"container\" data-e-type=\"container\" data-settings=\"{&quot;shape_divider_bottom&quot;:&quot;mountains&quot;,&quot;jet_parallax_layout_list&quot;:[]}\">\n\t\t\t\t\t<div class=\"e-con-inner\">\n\t\t\t\t<div class=\"elementor-shape elementor-shape-bottom\" aria-hidden=\"true\" data-negative=\"false\">\n\t\t\t<svg xmlns=\"http:\/\/www.w3.org\/2000\/svg\" viewBox=\"0 0 1000 100\" preserveAspectRatio=\"none\">\n\t<path class=\"elementor-shape-fill\" opacity=\"0.33\" d=\"M473,67.3c-203.9,88.3-263.1-34-320.3,0C66,119.1,0,59.7,0,59.7V0h1000v59.7 c0,0-62.1,26.1-94.9,29.3c-32.8,3.3-62.8-12.3-75.8-22.1C806,49.6,745.3,8.7,694.9,4.7S492.4,59,473,67.3z\"\/>\n\t<path class=\"elementor-shape-fill\" opacity=\"0.66\" d=\"M734,67.3c-45.5,0-77.2-23.2-129.1-39.1c-28.6-8.7-150.3-10.1-254,39.1 s-91.7-34.4-149.2,0C115.7,118.3,0,39.8,0,39.8V0h1000v36.5c0,0-28.2-18.5-92.1-18.5C810.2,18.1,775.7,67.3,734,67.3z\"\/>\n\t<path class=\"elementor-shape-fill\" d=\"M766.1,28.9c-200-57.5-266,65.5-395.1,19.5C242,1.8,242,5.4,184.8,20.6C128,35.8,132.3,44.9,89.9,52.5C28.6,63.7,0,0,0,0 h1000c0,0-9.9,40.9-83.6,48.1S829.6,47,766.1,28.9z\"\/>\n<\/svg>\t\t<\/div>\n\t\t\t\t<div class=\"elementor-element elementor-element-a13b994 elementor-widget__width-initial elementor-widget elementor-widget-text-editor\" data-id=\"a13b994\" data-element_type=\"widget\" data-e-type=\"widget\" data-widget_type=\"text-editor.default\">\n\t\t\t\t<div class=\"elementor-widget-container\">\n\t\t\t\t\t\t\t\t\t<p>Nous savons \u00e0 quel point il est important que vos enfants s&rsquo;amusent et que vous vous sentiez d\u00e9tendu pendant vos vacances. C&rsquo;est pourquoi nous vous proposons une s\u00e9lection de Garderie \u00e0 Morzine de cr\u00e8ches et de nounous priv\u00e9es, afin que vous puissiez trouver quelque chose qui corresponde \u00e0 vos vacances. <\/p>\n\t\t\t\t\t\t\t\t<\/div>\n\t\t\t\t<\/div>\n\t\t\t\t\t<\/div>\n\t\t\t\t<\/div>\n\t\t<div class=\"elementor-element elementor-element-a34f214 e-flex e-con-boxed e-con e-parent\" data-id=\"a34f214\" data-element_type=\"container\" data-e-type=\"container\" data-settings=\"{&quot;background_background&quot;:&quot;classic&quot;,&quot;jet_parallax_layout_list&quot;:[]}\">\n\t\t\t\t\t<div class=\"e-con-inner\">\n\t\t<div class=\"elementor-element elementor-element-c0968e7 e-con-full e-flex elementor-invisible e-con e-child\" data-id=\"c0968e7\" data-element_type=\"container\" data-e-type=\"container\" data-settings=\"{&quot;background_background&quot;:&quot;classic&quot;,&quot;animation&quot;:&quot;fadeInRight&quot;,&quot;jet_parallax_layout_list&quot;:[]}\">\n\t\t\t\t<\/div>\n\t\t<div class=\"elementor-element elementor-element-510f3ed e-con-full e-flex e-con e-child\" data-id=\"510f3ed\" data-element_type=\"container\" data-e-type=\"container\" data-settings=\"{&quot;jet_parallax_layout_list&quot;:[]}\">\n\t\t\t\t<div class=\"elementor-element elementor-element-cfd8c99 elementor-cta--layout-image-left elementor-cta--skin-classic elementor-animated-content elementor-bg-transform elementor-bg-transform-zoom-in elementor-widget elementor-widget-call-to-action\" data-id=\"cfd8c99\" data-element_type=\"widget\" data-e-type=\"widget\" data-widget_type=\"call-to-action.default\">\n\t\t\t\t<div class=\"elementor-widget-container\">\n\t\t\t\t\t\t\t<div class=\"elementor-cta\">\n\t\t\t\t\t\t\t<div class=\"elementor-cta__content\">\n\t\t\t\t\n\t\t\t\t\t\t\t\t\t<h5 class=\"elementor-cta__title elementor-cta__content-item elementor-content-item\">\n\t\t\t\t\t\tABChildcare\t\t\t\t\t<\/h5>\n\t\t\t\t\n\t\t\t\t\t\t\t\t\t<div class=\"elementor-cta__description elementor-cta__content-item elementor-content-item\">\n\t\t\t\t\t\tAmy chez ABC Childcare propose un service de garde d'enfants sur mesure qui comprend une nounou priv\u00e9e et un baby-sitting qui peuvent \u00eatre adapt\u00e9s \u00e0 vos besoins. Amy a plus de 5 ans d'exp\u00e9rience dans la garde d'enfants. Elle est form\u00e9e aux premiers secours p\u00e9diatriques et d\u00e9tient un DBS clair et \u00e0 jour. Amy couvre Morzine, Les Gets et les villages alentours.\n\t\t\t\t\t<\/div>\n\t\t\t\t\n\t\t\t\t\t\t\t\t\t<div class=\"elementor-cta__button-wrapper elementor-cta__content-item elementor-content-item \">\n\t\t\t\t\t<a class=\"elementor-cta__button elementor-button elementor-size-xs\" href=\"http:\/\/www.abchildcare.fr\" target=\"_blank\" rel=\"noopener\">\n\t\t\t\t\t\tCLIQUEZ ICI\t\t\t\t\t<\/a>\n\t\t\t\t\t<\/div>\n\t\t\t\t\t\t\t<\/div>\n\t\t\t\t\t\t<\/div>\n\t\t\t\t\t\t<\/div>\n\t\t\t\t<\/div>\n\t\t\t\t<div class=\"elementor-element elementor-element-b1943e3 elementor-cta--layout-image-left elementor-cta--skin-classic elementor-animated-content elementor-bg-transform elementor-bg-transform-zoom-in elementor-widget elementor-widget-call-to-action\" data-id=\"b1943e3\" data-element_type=\"widget\" data-e-type=\"widget\" data-widget_type=\"call-to-action.default\">\n\t\t\t\t<div class=\"elementor-widget-container\">\n\t\t\t\t\t\t\t<div class=\"elementor-cta\">\n\t\t\t\t\t\t\t<div class=\"elementor-cta__content\">\n\t\t\t\t\n\t\t\t\t\t\t\t\t\t<h5 class=\"elementor-cta__title elementor-cta__content-item elementor-content-item\">\n\t\t\t\t\t\tMorzine Kids\t\t\t\t\t<\/h5>\n\t\t\t\t\n\t\t\t\t\t\t\t\t\t<div class=\"elementor-cta__description elementor-cta__content-item elementor-content-item\">\n\t\t\t\t\t\t<p>Helen at Morzine Kids est pr\u00e9sente \u00e0 Morzine\/Les Gets depuis plus de 10 ans et propose une garde d'enfants amusante et flexible pour votre famille. Vos petits seront certainement entre de bonnes mains !  <\/p>\n\t\t\t\t\t<\/div>\n\t\t\t\t\n\t\t\t\t\t\t\t\t\t<div class=\"elementor-cta__button-wrapper elementor-cta__content-item elementor-content-item \">\n\t\t\t\t\t<a class=\"elementor-cta__button elementor-button elementor-size-xs\" href=\"http:\/\/www.morzinekids.com\" target=\"_blank\" rel=\"noopener\">\n\t\t\t\t\t\tCLIQUEZ ICI\t\t\t\t\t<\/a>\n\t\t\t\t\t<\/div>\n\t\t\t\t\t\t\t<\/div>\n\t\t\t\t\t\t<\/div>\n\t\t\t\t\t\t<\/div>\n\t\t\t\t<\/div>\n\t\t\t\t<div class=\"elementor-element elementor-element-b13afc7 elementor-cta--layout-image-left elementor-cta--skin-classic elementor-animated-content elementor-bg-transform elementor-bg-transform-zoom-in elementor-widget elementor-widget-call-to-action\" data-id=\"b13afc7\" data-element_type=\"widget\" data-e-type=\"widget\" data-widget_type=\"call-to-action.default\">\n\t\t\t\t<div class=\"elementor-widget-container\">\n\t\t\t\t\t\t\t<div class=\"elementor-cta\">\n\t\t\t\t\t\t\t<div class=\"elementor-cta__content\">\n\t\t\t\t\n\t\t\t\t\t\t\t\t\t<h5 class=\"elementor-cta__title elementor-cta__content-item elementor-content-item\">\n\t\t\t\t\t\tCheeky Monkeys - Garderie priv\u00e9e\t\t\t\t\t<\/h5>\n\t\t\t\t\n\t\t\t\t\t\t\t\t\t<div class=\"elementor-cta__description elementor-cta__content-item elementor-content-item\">\n\t\t\t\t\t\t<p>Sharon et son \u00e9quipe proposent une gamme d'options pour r\u00e9pondre \u00e0 toutes les exigences de vos vacances. Journ\u00e9e compl\u00e8te et demi-journ\u00e9e en chalet, lunch club incluant la collecte de l'\u00e9cole de ski, le d\u00e9jeuner, le temps de jeu avec des activit\u00e9s \u00e0 l'int\u00e9rieur et \u00e0 l'ext\u00e9rieur et une collation l'apr\u00e8s-midi. Un service de garde d'enfants en soir\u00e9e pour vos soir\u00e9es hors du chalet est \u00e9galement disponible.  <\/p>\n\t\t\t\t\t<\/div>\n\t\t\t\t\n\t\t\t\t\t\t\t\t\t<div class=\"elementor-cta__button-wrapper elementor-cta__content-item elementor-content-item \">\n\t\t\t\t\t<a class=\"elementor-cta__button elementor-button elementor-size-xs\" href=\"http:\/\/www.cheekymonkeysmorzine.com\" target=\"_blank\" rel=\"noopener\">\n\t\t\t\t\t\tCLIQUEZ ICI\t\t\t\t\t<\/a>\n\t\t\t\t\t<\/div>\n\t\t\t\t\t\t\t<\/div>\n\t\t\t\t\t\t<\/div>\n\t\t\t\t\t\t<\/div>\n\t\t\t\t<\/div>\n\t\t\t\t<div class=\"elementor-element elementor-element-219886b elementor-cta--layout-image-left elementor-cta--skin-classic elementor-animated-content elementor-bg-transform elementor-bg-transform-zoom-in elementor-widget elementor-widget-call-to-action\" data-id=\"219886b\" data-element_type=\"widget\" data-e-type=\"widget\" data-widget_type=\"call-to-action.default\">\n\t\t\t\t<div class=\"elementor-widget-container\">\n\t\t\t\t\t\t\t<div class=\"elementor-cta\">\n\t\t\t\t\t\t\t<div class=\"elementor-cta__content\">\n\t\t\t\t\n\t\t\t\t\t\t\t\t\t<h5 class=\"elementor-cta__title elementor-cta__content-item elementor-content-item\">\n\t\t\t\t\t\tAlpine Resort Nannies - Garderie Priv\u00e9e\t\t\t\t\t<\/h5>\n\t\t\t\t\n\t\t\t\t\t\t\t\t\t<div class=\"elementor-cta__description elementor-cta__content-item elementor-content-item\">\n\t\t\t\t\t\t<p>Alpine Resort Nannies propose une garde d'enfants priv\u00e9e \u00e0 la journ\u00e9e (8 heures ou 6 heures) et \u00e0 la demi-journ\u00e9e (4 heures). Ils offrent une flexibilit\u00e9 dans le nombre de jours que vous pouvez r\u00e9server et si vous pr\u00e9f\u00e9rez et avez besoin de quelque chose d'un peu diff\u00e9rent, ils peuvent discuter avec vous d'un forfait sur mesure pour vos enfants. La garde d'enfants est \u00e9galement disponible le soir. La r\u00e9servation \u00e0 l'avance est n\u00e9cessaire pour chacune de ces options.    <\/p>\n\t\t\t\t\t<\/div>\n\t\t\t\t\n\t\t\t\t\t\t\t\t\t<div class=\"elementor-cta__button-wrapper elementor-cta__content-item elementor-content-item \">\n\t\t\t\t\t<a class=\"elementor-cta__button elementor-button elementor-size-xs\" href=\"http:\/\/www.alpineresortnannies.co.uk\" target=\"_blank\" rel=\"noopener\">\n\t\t\t\t\t\tCLIQUEZ ICI\t\t\t\t\t<\/a>\n\t\t\t\t\t<\/div>\n\t\t\t\t\t\t\t<\/div>\n\t\t\t\t\t\t<\/div>\n\t\t\t\t\t\t<\/div>\n\t\t\t\t<\/div>\n\t\t\t\t<\/div>\n\t\t\t\t\t<\/div>\n\t\t\t\t<\/div>\n\t\t\t\t<\/div>\n\t\t","protected":false},"excerpt":{"rendered":"<p>Cr\u00e8ches et Clubs Enfants Nous savons \u00e0 quel point il est important que vos enfants s&rsquo;amusent et que vous vous sentiez d\u00e9tendu pendant vos vacances. C&rsquo;est pourquoi nous vous proposons une s\u00e9lection de Garderie \u00e0 Morzine de cr\u00e8ches et de nounous priv\u00e9es, afin que vous puissiez trouver quelque chose qui corresponde \u00e0 vos vacances. ABChildcare [&hellip;]<\/p>\n","protected":false},"author":1,"featured_media":0,"parent":0,"menu_order":0,"comment_status":"closed","ping_status":"closed","template":"","meta":{"footnotes":""},"categories":[],"class_list":["post-4599","page","type-page","status-publish","hentry"],"_links":{"self":[{"href":"https:\/\/mountainspaces.com\/fr\/wp-json\/wp\/v2\/pages\/4599","targetHints":{"allow":["GET"]}}],"collection":[{"href":"https:\/\/mountainspaces.com\/fr\/wp-json\/wp\/v2\/pages"}],"about":[{"href":"https:\/\/mountainspaces.com\/fr\/wp-json\/wp\/v2\/types\/page"}],"author":[{"embeddable":true,"href":"https:\/\/mountainspaces.com\/fr\/wp-json\/wp\/v2\/users\/1"}],"replies":[{"embeddable":true,"href":"https:\/\/mountainspaces.com\/fr\/wp-json\/wp\/v2\/comments?post=4599"}],"version-history":[{"count":0,"href":"https:\/\/mountainspaces.com\/fr\/wp-json\/wp\/v2\/pages\/4599\/revisions"}],"wp:attachment":[{"href":"https:\/\/mountainspaces.com\/fr\/wp-json\/wp\/v2\/media?parent=4599"}],"wp:term":[{"taxonomy":"categories","embeddable":true,"href":"https:\/\/mountainspaces.com\/fr\/wp-json\/wp\/v2\/categories?post=4599"}],"curies":[{"name":"wp","href":"https:\/\/api.w.org\/{rel}","templated":true}]}}