{"id":4597,"date":"2022-09-15T15:14:12","date_gmt":"2022-09-15T15:14:12","guid":{"rendered":"https:\/\/mountainspaces.com\/a-propos-mountain-spaces\/"},"modified":"2025-11-06T22:02:07","modified_gmt":"2025-11-06T22:02:07","slug":"a-propos-mountain-spaces","status":"publish","type":"page","link":"https:\/\/mountainspaces.com\/fr\/a-propos-mountain-spaces\/","title":{"rendered":"\u00c0 propos Mountain Spaces"},"content":{"rendered":"\t\t<div data-elementor-type=\"wp-page\" data-elementor-id=\"4597\" class=\"elementor elementor-4597 elementor-3787\" data-elementor-post-type=\"page\">\n\t\t\t\t<div class=\"elementor-element elementor-element-7fdbff2 e-flex e-con-boxed e-con e-parent\" data-id=\"7fdbff2\" data-element_type=\"container\" data-e-type=\"container\" data-settings=\"{&quot;jet_parallax_layout_list&quot;:[]}\">\n\t\t\t\t\t<div class=\"e-con-inner\">\n\t\t\t\t<div class=\"elementor-element elementor-element-64dda9b elementor-widget elementor-widget-heading\" data-id=\"64dda9b\" data-element_type=\"widget\" data-e-type=\"widget\" data-widget_type=\"heading.default\">\n\t\t\t\t<div class=\"elementor-widget-container\">\n\t\t\t\t\t<div class=\"elementor-heading-title elementor-size-default\">Notre voyage <\/div>\t\t\t\t<\/div>\n\t\t\t\t<\/div>\n\t\t\t\t<div class=\"elementor-element elementor-element-8a5b120 elementor-widget elementor-widget-heading\" data-id=\"8a5b120\" data-element_type=\"widget\" data-e-type=\"widget\" data-widget_type=\"heading.default\">\n\t\t\t\t<div class=\"elementor-widget-container\">\n\t\t\t\t\t<h2 class=\"elementor-heading-title elementor-size-default\">\u00c0 propos Mountain Spaces<\/h2>\t\t\t\t<\/div>\n\t\t\t\t<\/div>\n\t\t\t\t<div class=\"elementor-element elementor-element-48a4c0a elementor-widget__width-initial elementor-widget-tablet__width-inherit elementor-widget elementor-widget-text-editor\" data-id=\"48a4c0a\" data-element_type=\"widget\" data-e-type=\"widget\" data-widget_type=\"text-editor.default\">\n\t\t\t\t<div class=\"elementor-widget-container\">\n\t\t\t\t\t\t\t\t\t<p>Coinc\u00e9s dans les trajets quotidiens du travail et r\u00eavant toujours de nos prochaines vacances au ski, nous avons c\u00e9d\u00e9 et quitt\u00e9 nos emplois d&rsquo;ing\u00e9nieur et de marketing pour vivre le r\u00eave !<\/p>\n<p>Avec notre amour de la gastronomie, de l&rsquo;h\u00e9bergement et de la montagne, il nous a sembl\u00e9 naturel en 2008 de d\u00e9m\u00e9nager \u00e0 Morzine et d&rsquo;unir nos passions.<\/p>\n\t\t\t\t\t\t\t\t<\/div>\n\t\t\t\t<\/div>\n\t\t\t\t\t<\/div>\n\t\t\t\t<\/div>\n\t\t<div class=\"elementor-element elementor-element-9f096b8 e-flex e-con-boxed e-con e-parent\" data-id=\"9f096b8\" data-element_type=\"container\" data-e-type=\"container\" data-settings=\"{&quot;background_background&quot;:&quot;classic&quot;,&quot;shape_divider_top&quot;:&quot;mountains&quot;,&quot;jet_parallax_layout_list&quot;:[]}\">\n\t\t\t\t\t<div class=\"e-con-inner\">\n\t\t\t\t<div class=\"elementor-shape elementor-shape-top\" aria-hidden=\"true\" data-negative=\"false\">\n\t\t\t<svg xmlns=\"http:\/\/www.w3.org\/2000\/svg\" viewBox=\"0 0 1000 100\" preserveAspectRatio=\"none\">\n\t<path class=\"elementor-shape-fill\" opacity=\"0.33\" d=\"M473,67.3c-203.9,88.3-263.1-34-320.3,0C66,119.1,0,59.7,0,59.7V0h1000v59.7 c0,0-62.1,26.1-94.9,29.3c-32.8,3.3-62.8-12.3-75.8-22.1C806,49.6,745.3,8.7,694.9,4.7S492.4,59,473,67.3z\"\/>\n\t<path class=\"elementor-shape-fill\" opacity=\"0.66\" d=\"M734,67.3c-45.5,0-77.2-23.2-129.1-39.1c-28.6-8.7-150.3-10.1-254,39.1 s-91.7-34.4-149.2,0C115.7,118.3,0,39.8,0,39.8V0h1000v36.5c0,0-28.2-18.5-92.1-18.5C810.2,18.1,775.7,67.3,734,67.3z\"\/>\n\t<path class=\"elementor-shape-fill\" d=\"M766.1,28.9c-200-57.5-266,65.5-395.1,19.5C242,1.8,242,5.4,184.8,20.6C128,35.8,132.3,44.9,89.9,52.5C28.6,63.7,0,0,0,0 h1000c0,0-9.9,40.9-83.6,48.1S829.6,47,766.1,28.9z\"\/>\n<\/svg>\t\t<\/div>\n\t\t<div class=\"elementor-element elementor-element-c312a92 e-con-full e-flex elementor-invisible e-con e-child\" data-id=\"c312a92\" data-element_type=\"container\" data-e-type=\"container\" data-settings=\"{&quot;background_background&quot;:&quot;classic&quot;,&quot;animation&quot;:&quot;fadeInRight&quot;,&quot;jet_parallax_layout_list&quot;:[]}\">\n\t\t\t\t<div class=\"elementor-element elementor-element-0e63abd elementor-widget elementor-widget-image-gallery\" data-id=\"0e63abd\" data-element_type=\"widget\" data-e-type=\"widget\" data-widget_type=\"image-gallery.default\">\n\t\t\t\t<div class=\"elementor-widget-container\">\n\t\t\t\t\t\t\t<div class=\"elementor-image-gallery\">\n\t\t\t<div id='gallery-1' class='gallery galleryid-4597 gallery-columns-1 gallery-size-2048x2048'><figure class='gallery-item'>\n\t\t\t<div class='gallery-icon portrait'>\n\t\t\t\t<img fetchpriority=\"high\" decoding=\"async\" width=\"1536\" height=\"2048\" src=\"https:\/\/mountainspaces.com\/wp-content\/uploads\/2022\/09\/Us-1536x2048.jpg\" class=\"attachment-2048x2048 size-2048x2048\" alt=\"We are Mountain Spaces\" srcset=\"https:\/\/mountainspaces.com\/wp-content\/uploads\/2022\/09\/Us.jpg 1536w, https:\/\/mountainspaces.com\/wp-content\/uploads\/2022\/09\/Us-225x300.jpg 225w, https:\/\/mountainspaces.com\/wp-content\/uploads\/2022\/09\/Us-768x1024.jpg 768w, https:\/\/mountainspaces.com\/wp-content\/uploads\/2022\/09\/Us-1152x1536.jpg 1152w\" sizes=\"(max-width: 1536px) 100vw, 1536px\" \/>\n\t\t\t<\/div><\/figure>\n\t\t<\/div>\n\t\t<\/div>\n\t\t\t\t\t\t<\/div>\n\t\t\t\t<\/div>\n\t\t\t\t<\/div>\n\t\t<div class=\"elementor-element elementor-element-e1b9dbc e-con-full e-flex e-con e-child\" data-id=\"e1b9dbc\" data-element_type=\"container\" data-e-type=\"container\" data-settings=\"{&quot;jet_parallax_layout_list&quot;:[]}\">\n\t\t\t\t<div class=\"elementor-element elementor-element-cdd1989 elementor-widget-tablet__width-inherit elementor-widget elementor-widget-text-editor\" data-id=\"cdd1989\" data-element_type=\"widget\" data-e-type=\"widget\" data-widget_type=\"text-editor.default\">\n\t\t\t\t<div class=\"elementor-widget-container\">\n\t\t\t\t\t\t\t\t\t<p>Notre voyage a commenc\u00e9 avec l&rsquo;h\u00e9bergement, la cuisine et la gestion des <a href=\"https:\/\/mountainsplive.wpengine.com\" target=\"_blank\" rel=\"noopener\">chalets de luxe Mountain Spaces<\/a> pendant les deux premi\u00e8res ann\u00e9es, ce que nous avons absolument ador\u00e9.<\/p>\n<p>Nous nous sommes mari\u00e9s \u00e0 Morzine lors de notre deuxi\u00e8me \u00e9t\u00e9 en 2010 et apr\u00e8s avoir parcouru le monde s\u00e9par\u00e9ment, nous avons profit\u00e9 de notre lune de miel pour revoir le monde ensemble. Cette fois-ci, en cours de route, apprenez, cr\u00e9ez et surveillez les petits morceaux d&rsquo;inspiration \u00e0 emporter avec nous pour que Mountain Spaces s&rsquo;\u00e9panouisse. <\/p>\n<p>Le reste, comme on dit, appartient \u00e0 l&rsquo;histoire! Nous avons maintenant 3 beaux enfants et aujourd&rsquo;hui, 14 ans plus tard, nous accueillons toujours des clients de nos d\u00e9buts (ce qui nous fait tr\u00e8s plaisir !) <\/p>\n<p>Il est si important pour nous de rendre vos vacances inoubliables, un endroit o\u00f9 vous voulez revenir et dont vous voulez parler \u00e0 tous vos amis !<\/p>\n<p>Cela a \u00e9t\u00e9 un voyage incroyable pour nous.<\/p>\n<p>\u00c0 bient\u00f4t<\/p>\n\t\t\t\t\t\t\t\t<\/div>\n\t\t\t\t<\/div>\n\t\t\t\t<div class=\"elementor-element elementor-element-8572381 elementor-widget elementor-widget-jet-headline\" data-id=\"8572381\" data-element_type=\"widget\" data-e-type=\"widget\" data-widget_type=\"jet-headline.default\">\n\t\t\t\t<div class=\"elementor-widget-container\">\n\t\t\t\t\t<h5 class=\"jet-headline jet-headline--direction-vertical\"><span class=\"jet-headline__part jet-headline__first\"><span class=\"jet-headline__label\">Chris &amp; Kate<\/span><\/span><\/h5>\t\t\t\t<\/div>\n\t\t\t\t<\/div>\n\t\t\t\t<\/div>\n\t\t\t\t\t<\/div>\n\t\t\t\t<\/div>\n\t\t\t\t<\/div>\n\t\t","protected":false},"excerpt":{"rendered":"<p>Notre voyage Coinc\u00e9s dans les trajets quotidiens du travail et r\u00eavant toujours de nos prochaines vacances au ski, nous avons c\u00e9d\u00e9 et quitt\u00e9 nos emplois d&rsquo;ing\u00e9nieur et de marketing pour vivre le r\u00eave ! Avec notre amour de la gastronomie, de l&rsquo;h\u00e9bergement et de la montagne, il nous a sembl\u00e9 naturel en 2008 de d\u00e9m\u00e9nager [&hellip;]<\/p>\n","protected":false},"author":1,"featured_media":4149,"parent":0,"menu_order":0,"comment_status":"closed","ping_status":"closed","template":"","meta":{"footnotes":""},"categories":[],"class_list":["post-4597","page","type-page","status-publish","has-post-thumbnail","hentry"],"_links":{"self":[{"href":"https:\/\/mountainspaces.com\/fr\/wp-json\/wp\/v2\/pages\/4597","targetHints":{"allow":["GET"]}}],"collection":[{"href":"https:\/\/mountainspaces.com\/fr\/wp-json\/wp\/v2\/pages"}],"about":[{"href":"https:\/\/mountainspaces.com\/fr\/wp-json\/wp\/v2\/types\/page"}],"author":[{"embeddable":true,"href":"https:\/\/mountainspaces.com\/fr\/wp-json\/wp\/v2\/users\/1"}],"replies":[{"embeddable":true,"href":"https:\/\/mountainspaces.com\/fr\/wp-json\/wp\/v2\/comments?post=4597"}],"version-history":[{"count":0,"href":"https:\/\/mountainspaces.com\/fr\/wp-json\/wp\/v2\/pages\/4597\/revisions"}],"wp:featuredmedia":[{"embeddable":true,"href":"https:\/\/mountainspaces.com\/fr\/wp-json\/wp\/v2\/media\/4149"}],"wp:attachment":[{"href":"https:\/\/mountainspaces.com\/fr\/wp-json\/wp\/v2\/media?parent=4597"}],"wp:term":[{"taxonomy":"categories","embeddable":true,"href":"https:\/\/mountainspaces.com\/fr\/wp-json\/wp\/v2\/categories?post=4597"}],"curies":[{"name":"wp","href":"https:\/\/api.w.org\/{rel}","templated":true}]}}