{"id":4587,"date":"2022-09-13T12:41:03","date_gmt":"2022-09-13T12:41:03","guid":{"rendered":"https:\/\/mountainspaces.com\/cours-de-ski-et-de-snowboard\/"},"modified":"2023-11-16T14:05:21","modified_gmt":"2023-11-16T14:05:21","slug":"cours-de-ski-et-de-snowboard","status":"publish","type":"page","link":"https:\/\/mountainspaces.com\/fr\/cours-de-ski-et-de-snowboard\/","title":{"rendered":"Cours de Ski"},"content":{"rendered":"\t\t<div data-elementor-type=\"wp-page\" data-elementor-id=\"4587\" class=\"elementor elementor-4587 elementor-3466\" data-elementor-post-type=\"page\">\n\t\t\t\t<div class=\"elementor-element elementor-element-cd468ea e-flex e-con-boxed e-con e-parent\" data-id=\"cd468ea\" data-element_type=\"container\" data-e-type=\"container\" data-settings=\"{&quot;jet_parallax_layout_list&quot;:[]}\">\n\t\t\t\t\t<div class=\"e-con-inner\">\n\t\t\t\t<div class=\"elementor-element elementor-element-dd951d8 elementor-widget elementor-widget-heading\" data-id=\"dd951d8\" data-element_type=\"widget\" data-e-type=\"widget\" data-widget_type=\"heading.default\">\n\t\t\t\t<div class=\"elementor-widget-container\">\n\t\t\t\t\t<div class=\"elementor-heading-title elementor-size-default\">\u00e0 Morzine<\/div>\t\t\t\t<\/div>\n\t\t\t\t<\/div>\n\t\t\t\t<div class=\"elementor-element elementor-element-c10aff3 elementor-widget elementor-widget-heading\" data-id=\"c10aff3\" data-element_type=\"widget\" data-e-type=\"widget\" data-widget_type=\"heading.default\">\n\t\t\t\t<div class=\"elementor-widget-container\">\n\t\t\t\t\t<h2 class=\"elementor-heading-title elementor-size-default\">Cours de Ski et de Snowboard<\/h2>\t\t\t\t<\/div>\n\t\t\t\t<\/div>\n\t\t\t\t<div class=\"elementor-element elementor-element-a13b994 elementor-widget__width-initial elementor-widget elementor-widget-text-editor\" data-id=\"a13b994\" data-element_type=\"widget\" data-e-type=\"widget\" data-widget_type=\"text-editor.default\">\n\t\t\t\t<div class=\"elementor-widget-container\">\n\t\t\t\t\t\t\t\t\t<p>Nous travaillons en \u00e9troite collaboration avec un certain nombre d&rsquo;\u00e9coles de ski qui proposent une gamme de cours adapt\u00e9s \u00e0 diff\u00e9rents niveaux et budgets. Nous serons heureux de vous donner des recommandations en fonction de vos besoins sp\u00e9cifiques. Voici une liste de quelques-unes des meilleures options \u00e0 Morzine.<\/p>\t\t\t\t\t\t\t\t<\/div>\n\t\t\t\t<\/div>\n\t\t\t\t\t<\/div>\n\t\t\t\t<\/div>\n\t\t<div class=\"elementor-element elementor-element-cdc9b7a e-flex e-con-boxed e-con e-parent\" data-id=\"cdc9b7a\" data-element_type=\"container\" data-e-type=\"container\" data-settings=\"{&quot;background_background&quot;:&quot;classic&quot;,&quot;shape_divider_top&quot;:&quot;mountains&quot;,&quot;jet_parallax_layout_list&quot;:[]}\">\n\t\t\t\t\t<div class=\"e-con-inner\">\n\t\t\t\t<div class=\"elementor-shape elementor-shape-top\" aria-hidden=\"true\" data-negative=\"false\">\n\t\t\t<svg xmlns=\"http:\/\/www.w3.org\/2000\/svg\" viewBox=\"0 0 1000 100\" preserveAspectRatio=\"none\">\n\t<path class=\"elementor-shape-fill\" opacity=\"0.33\" d=\"M473,67.3c-203.9,88.3-263.1-34-320.3,0C66,119.1,0,59.7,0,59.7V0h1000v59.7 c0,0-62.1,26.1-94.9,29.3c-32.8,3.3-62.8-12.3-75.8-22.1C806,49.6,745.3,8.7,694.9,4.7S492.4,59,473,67.3z\"\/>\n\t<path class=\"elementor-shape-fill\" opacity=\"0.66\" d=\"M734,67.3c-45.5,0-77.2-23.2-129.1-39.1c-28.6-8.7-150.3-10.1-254,39.1 s-91.7-34.4-149.2,0C115.7,118.3,0,39.8,0,39.8V0h1000v36.5c0,0-28.2-18.5-92.1-18.5C810.2,18.1,775.7,67.3,734,67.3z\"\/>\n\t<path class=\"elementor-shape-fill\" d=\"M766.1,28.9c-200-57.5-266,65.5-395.1,19.5C242,1.8,242,5.4,184.8,20.6C128,35.8,132.3,44.9,89.9,52.5C28.6,63.7,0,0,0,0 h1000c0,0-9.9,40.9-83.6,48.1S829.6,47,766.1,28.9z\"\/>\n<\/svg>\t\t<\/div>\n\t\t<div class=\"elementor-element elementor-element-4b5deb5 e-con-full e-flex e-con e-child\" data-id=\"4b5deb5\" data-element_type=\"container\" data-e-type=\"container\" data-settings=\"{&quot;jet_parallax_layout_list&quot;:[]}\">\n\t\t<div class=\"elementor-element elementor-element-fdb0852 e-flex e-con-boxed e-con e-child\" data-id=\"fdb0852\" data-element_type=\"container\" data-e-type=\"container\" data-settings=\"{&quot;jet_parallax_layout_list&quot;:[]}\">\n\t\t\t\t\t<div class=\"e-con-inner\">\n\t\t\t\t<div class=\"elementor-element elementor-element-ca41204 elementor-widget elementor-widget-jet-headline\" data-id=\"ca41204\" data-element_type=\"widget\" data-e-type=\"widget\" data-widget_type=\"jet-headline.default\">\n\t\t\t\t<div class=\"elementor-widget-container\">\n\t\t\t\t\t<h5 class=\"jet-headline jet-headline--direction-vertical\"><span class=\"jet-headline__part jet-headline__first\"><span class=\"jet-headline__label\">Reach Your Peak<\/span><\/span><\/h5>\t\t\t\t<\/div>\n\t\t\t\t<\/div>\n\t\t\t\t<div class=\"elementor-element elementor-element-d29a6c3 elementor-widget elementor-widget-text-editor\" data-id=\"d29a6c3\" data-element_type=\"widget\" data-e-type=\"widget\" data-widget_type=\"text-editor.default\">\n\t\t\t\t<div class=\"elementor-widget-container\">\n\t\t\t\t\t\t\t\t\t<p>Structure tenue par le charmant Herv\u00e9. R\u00e9servez en avance pour trouver une formule qui vous convient. Rendez-vous \u00e0 Morzine, Avoriaz et aux Lindaret.  <\/p>\n<p><a href=\"http:\/\/www.reachyourpeak.co.uk\" target=\"_blank\" rel=\"noopener\">www.reachyourpeak.co.uk<\/a><\/p>\t\t\t\t\t\t\t\t<\/div>\n\t\t\t\t<\/div>\n\t\t\t\t\t<\/div>\n\t\t\t\t<\/div>\n\t\t<div class=\"elementor-element elementor-element-b147d61 e-flex e-con-boxed e-con e-child\" data-id=\"b147d61\" data-element_type=\"container\" data-e-type=\"container\" data-settings=\"{&quot;jet_parallax_layout_list&quot;:[]}\">\n\t\t\t\t\t<div class=\"e-con-inner\">\n\t\t\t\t<div class=\"elementor-element elementor-element-d396848 elementor-widget elementor-widget-jet-headline\" data-id=\"d396848\" data-element_type=\"widget\" data-e-type=\"widget\" data-widget_type=\"jet-headline.default\">\n\t\t\t\t<div class=\"elementor-widget-container\">\n\t\t\t\t\t<h5 class=\"jet-headline jet-headline--direction-vertical\"><span class=\"jet-headline__part jet-headline__first\"><span class=\"jet-headline__label\">TSI<\/span><\/span><\/h5>\t\t\t\t<\/div>\n\t\t\t\t<\/div>\n\t\t\t\t<div class=\"elementor-element elementor-element-39a6dba elementor-widget elementor-widget-text-editor\" data-id=\"39a6dba\" data-element_type=\"widget\" data-e-type=\"widget\" data-widget_type=\"text-editor.default\">\n\t\t\t\t<div class=\"elementor-widget-container\">\n\t\t\t\t\t\t\t\t\t<p>The Snow Institue propose des cours \u00e0 Morzine pour adultes et enfants. Des moniteurs super sympas et nous avons toujours de bons retours. <\/p>\n<p><a href=\"http:\/\/www.thesnowinstitute.com\" target=\"_blank\" rel=\"noopener\">www.thesnowinstitute.com<\/a><\/p>\t\t\t\t\t\t\t\t<\/div>\n\t\t\t\t<\/div>\n\t\t\t\t\t<\/div>\n\t\t\t\t<\/div>\n\t\t<div class=\"elementor-element elementor-element-60d8204 e-flex e-con-boxed e-con e-child\" data-id=\"60d8204\" data-element_type=\"container\" data-e-type=\"container\" data-settings=\"{&quot;jet_parallax_layout_list&quot;:[]}\">\n\t\t\t\t\t<div class=\"e-con-inner\">\n\t\t\t\t<div class=\"elementor-element elementor-element-94e124e elementor-widget elementor-widget-jet-headline\" data-id=\"94e124e\" data-element_type=\"widget\" data-e-type=\"widget\" data-widget_type=\"jet-headline.default\">\n\t\t\t\t<div class=\"elementor-widget-container\">\n\t\t\t\t\t<h5 class=\"jet-headline jet-headline--direction-vertical\"><span class=\"jet-headline__part jet-headline__first\"><span class=\"jet-headline__label\">REAL Snowboarding<\/span><\/span><\/h5>\t\t\t\t<\/div>\n\t\t\t\t<\/div>\n\t\t\t\t<div class=\"elementor-element elementor-element-561bbb0 elementor-widget elementor-widget-text-editor\" data-id=\"561bbb0\" data-element_type=\"widget\" data-e-type=\"widget\" data-widget_type=\"text-editor.default\">\n\t\t\t\t<div class=\"elementor-widget-container\">\n\t\t\t\t\t\t\t\t\t<p>Une charmante petite entreprise proposant uniquement des cours de snowboard. Super avec les enfants et un peu moins cher que certaines autres options. <\/p>\n<p><a href=\"http:\/\/www.realsnowboarding.co.uk\" target=\"_blank\" rel=\"noopener\">www.realsnowboarding.co.uk<\/a><\/p>\t\t\t\t\t\t\t\t<\/div>\n\t\t\t\t<\/div>\n\t\t\t\t\t<\/div>\n\t\t\t\t<\/div>\n\t\t<div class=\"elementor-element elementor-element-5b6a9bd e-flex e-con-boxed e-con e-child\" data-id=\"5b6a9bd\" data-element_type=\"container\" data-e-type=\"container\" data-settings=\"{&quot;jet_parallax_layout_list&quot;:[]}\">\n\t\t\t\t\t<div class=\"e-con-inner\">\n\t\t\t\t<div class=\"elementor-element elementor-element-c1c55f1 elementor-widget elementor-widget-jet-headline\" data-id=\"c1c55f1\" data-element_type=\"widget\" data-e-type=\"widget\" data-widget_type=\"jet-headline.default\">\n\t\t\t\t<div class=\"elementor-widget-container\">\n\t\t\t\t\t<h5 class=\"jet-headline jet-headline--direction-vertical\"><span class=\"jet-headline__part jet-headline__first\"><span class=\"jet-headline__label\">PDS Ski Academy<\/span><\/span><\/h5>\t\t\t\t<\/div>\n\t\t\t\t<\/div>\n\t\t\t\t<div class=\"elementor-element elementor-element-73ae759 elementor-widget elementor-widget-text-editor\" data-id=\"73ae759\" data-element_type=\"widget\" data-e-type=\"widget\" data-widget_type=\"text-editor.default\">\n\t\t\t\t<div class=\"elementor-widget-container\">\n\t\t\t\t\t\t\t\t\t<p>Petits groupes avec une excellente \u00e9quipe de moniteurs.<\/p>\n<p><a href=\"http:\/\/www.pdssnowsport.com\" target=\"_blank\" rel=\"noopener\">www.pdssnowsport.com<\/a><\/p>\t\t\t\t\t\t\t\t<\/div>\n\t\t\t\t<\/div>\n\t\t\t\t\t<\/div>\n\t\t\t\t<\/div>\n\t\t<div class=\"elementor-element elementor-element-9f5ab4f e-flex e-con-boxed e-con e-child\" data-id=\"9f5ab4f\" data-element_type=\"container\" data-e-type=\"container\" data-settings=\"{&quot;jet_parallax_layout_list&quot;:[]}\">\n\t\t\t\t\t<div class=\"e-con-inner\">\n\t\t\t\t<div class=\"elementor-element elementor-element-3bdf538 elementor-widget elementor-widget-jet-headline\" data-id=\"3bdf538\" data-element_type=\"widget\" data-e-type=\"widget\" data-widget_type=\"jet-headline.default\">\n\t\t\t\t<div class=\"elementor-widget-container\">\n\t\t\t\t\t<h5 class=\"jet-headline jet-headline--direction-vertical\"><span class=\"jet-headline__part jet-headline__first\"><span class=\"jet-headline__label\">ESF Morzine<\/span><\/span><\/h5>\t\t\t\t<\/div>\n\t\t\t\t<\/div>\n\t\t\t\t<div class=\"elementor-element elementor-element-1bb0e81 elementor-widget elementor-widget-text-editor\" data-id=\"1bb0e81\" data-element_type=\"widget\" data-e-type=\"widget\" data-widget_type=\"text-editor.default\">\n\t\t\t\t<div class=\"elementor-widget-container\">\n\t\t\t\t\t\t\t\t\t<p>Possibilit\u00e9 de cours collectifs et priv\u00e9s. Tailles de groupe plus importantes. Le Club des Piou Piou est id\u00e9al pour initier au ski les 3-5 ans tout en s&rsquo;amusant dans le jardin d\u2019enfants de Morzine. R\u00e9servations en ligne uniquement.   <\/p>\n<p><a href=\"http:\/\/www.ski-school-morzine.co.uk\" target=\"_blank\" rel=\"noopener\">www.ski-school-morzine.co.uk<\/a><\/p>\t\t\t\t\t\t\t\t<\/div>\n\t\t\t\t<\/div>\n\t\t\t\t\t<\/div>\n\t\t\t\t<\/div>\n\t\t\t\t<\/div>\n\t\t<div class=\"elementor-element elementor-element-6759827 e-con-full e-flex e-con e-child\" data-id=\"6759827\" data-element_type=\"container\" data-e-type=\"container\" data-settings=\"{&quot;jet_parallax_layout_list&quot;:[]}\">\n\t\t<div class=\"elementor-element elementor-element-9189e9c e-flex e-con-boxed e-con e-child\" data-id=\"9189e9c\" data-element_type=\"container\" data-e-type=\"container\" data-settings=\"{&quot;jet_parallax_layout_list&quot;:[]}\">\n\t\t\t\t\t<div class=\"e-con-inner\">\n\t\t\t\t<div class=\"elementor-element elementor-element-67070f7 elementor-widget elementor-widget-jet-headline\" data-id=\"67070f7\" data-element_type=\"widget\" data-e-type=\"widget\" data-widget_type=\"jet-headline.default\">\n\t\t\t\t<div class=\"elementor-widget-container\">\n\t\t\t\t\t<h5 class=\"jet-headline jet-headline--direction-vertical\"><span class=\"jet-headline__part jet-headline__first\"><span class=\"jet-headline__label\">Easy2Ride<\/span><\/span><\/h5>\t\t\t\t<\/div>\n\t\t\t\t<\/div>\n\t\t\t\t<div class=\"elementor-element elementor-element-bcc5185 elementor-widget elementor-widget-text-editor\" data-id=\"bcc5185\" data-element_type=\"widget\" data-e-type=\"widget\" data-widget_type=\"text-editor.default\">\n\t\t\t\t<div class=\"elementor-widget-container\">\n\t\t\t\t\t\t\t\t\t<p>Cours de ski et de snowboard collectifs ou particuliers. Rendez-vous \u00e0 la t\u00e9l\u00e9cabine du Pleney. Des moniteurs tr\u00e8s sympas et super avec les enfants. Petits groupes. Des retours toujours tr\u00e8s positifs de la client\u00e8le.    <\/p>\n<p><a href=\"http:\/\/www.morzineski.fr\" target=\"_blank\" rel=\"noopener\">www.morzineski.fr<\/a><\/p>\t\t\t\t\t\t\t\t<\/div>\n\t\t\t\t<\/div>\n\t\t\t\t\t<\/div>\n\t\t\t\t<\/div>\n\t\t<div class=\"elementor-element elementor-element-0f4c3fa e-flex e-con-boxed e-con e-child\" data-id=\"0f4c3fa\" data-element_type=\"container\" data-e-type=\"container\" data-settings=\"{&quot;jet_parallax_layout_list&quot;:[]}\">\n\t\t\t\t\t<div class=\"e-con-inner\">\n\t\t\t\t<div class=\"elementor-element elementor-element-eb25bb5 elementor-widget elementor-widget-jet-headline\" data-id=\"eb25bb5\" data-element_type=\"widget\" data-e-type=\"widget\" data-widget_type=\"jet-headline.default\">\n\t\t\t\t<div class=\"elementor-widget-container\">\n\t\t\t\t\t<h5 class=\"jet-headline jet-headline--direction-vertical\"><span class=\"jet-headline__part jet-headline__first\"><span class=\"jet-headline__label\">Bill Ski<\/span><\/span><\/h5>\t\t\t\t<\/div>\n\t\t\t\t<\/div>\n\t\t\t\t<div class=\"elementor-element elementor-element-e2ed6c5 elementor-widget elementor-widget-text-editor\" data-id=\"e2ed6c5\" data-element_type=\"widget\" data-e-type=\"widget\" data-widget_type=\"text-editor.default\">\n\t\t\t\t<div class=\"elementor-widget-container\">\n\t\t\t\t\t\t\t\t\t<p>Une petite \u00e9cole de ski bas\u00e9e \u00e0 Morzine. Billy propose des cours collectifs ou priv\u00e9s \u00e0 partir de n&rsquo;importe quel domaine skiable. Cours pour enfants \u00e0 partir de 3 ans. Propose \u00e9galement du ski de randonn\u00e9e et des cours particuliers de perfectionnement piste.<\/p>\n<div class=\"page\" title=\"Page 1\">\n<div class=\"section\">\n<div class=\"layoutArea\">\n<div class=\"column\">\n<p><a href=\"http:\/\/www.billski.co.uk\" target=\"_blank\" rel=\"noopener\">www.billski.co.uk<\/a><\/p>\n<\/div>\n<\/div>\n<\/div>\n<\/div>\t\t\t\t\t\t\t\t<\/div>\n\t\t\t\t<\/div>\n\t\t\t\t\t<\/div>\n\t\t\t\t<\/div>\n\t\t<div class=\"elementor-element elementor-element-2640ca4 e-flex e-con-boxed e-con e-child\" data-id=\"2640ca4\" data-element_type=\"container\" data-e-type=\"container\" data-settings=\"{&quot;jet_parallax_layout_list&quot;:[]}\">\n\t\t\t\t\t<div class=\"e-con-inner\">\n\t\t\t\t<div class=\"elementor-element elementor-element-673c4f9 elementor-widget elementor-widget-jet-headline\" data-id=\"673c4f9\" data-element_type=\"widget\" data-e-type=\"widget\" data-widget_type=\"jet-headline.default\">\n\t\t\t\t<div class=\"elementor-widget-container\">\n\t\t\t\t\t<h5 class=\"jet-headline jet-headline--direction-vertical\"><span class=\"jet-headline__part jet-headline__first\"><span class=\"jet-headline__label\">BASS Morzine<\/span><\/span><\/h5>\t\t\t\t<\/div>\n\t\t\t\t<\/div>\n\t\t\t\t<div class=\"elementor-element elementor-element-1f16736 elementor-widget elementor-widget-text-editor\" data-id=\"1f16736\" data-element_type=\"widget\" data-e-type=\"widget\" data-widget_type=\"text-editor.default\">\n\t\t\t\t<div class=\"elementor-widget-container\">\n\t\t\t\t\t\t\t\t\t<p>L&rsquo;\u00e9cole britannique de ski alpin et de snowboard propose des cours allant des d\u00e9butants aux pros. L\u00e9g\u00e8rement plus cher que certaines autres \u00e9coles de ski, mais les retours sont toujours excellents. <\/p>\n<p><a href=\"http:\/\/www.britishskischool.com\/bassresorts\/morzine\" target=\"_blank\" rel=\"noopener\">www.britishskischool.com\/bassresorts\/morzine<\/a><\/p>\t\t\t\t\t\t\t\t<\/div>\n\t\t\t\t<\/div>\n\t\t\t\t\t<\/div>\n\t\t\t\t<\/div>\n\t\t<div class=\"elementor-element elementor-element-ebf06f3 e-flex e-con-boxed e-con e-child\" data-id=\"ebf06f3\" data-element_type=\"container\" data-e-type=\"container\" data-settings=\"{&quot;jet_parallax_layout_list&quot;:[]}\">\n\t\t\t\t\t<div class=\"e-con-inner\">\n\t\t\t\t<div class=\"elementor-element elementor-element-5c6d50f elementor-widget elementor-widget-jet-headline\" data-id=\"5c6d50f\" data-element_type=\"widget\" data-e-type=\"widget\" data-widget_type=\"jet-headline.default\">\n\t\t\t\t<div class=\"elementor-widget-container\">\n\t\t\t\t\t<h5 class=\"jet-headline jet-headline--direction-vertical\"><span class=\"jet-headline__part jet-headline__first\"><span class=\"jet-headline__label\">Mint Snowboard School<\/span><\/span><\/h5>\t\t\t\t<\/div>\n\t\t\t\t<\/div>\n\t\t\t\t<div class=\"elementor-element elementor-element-06737c9 elementor-widget elementor-widget-text-editor\" data-id=\"06737c9\" data-element_type=\"widget\" data-e-type=\"widget\" data-widget_type=\"text-editor.default\">\n\t\t\t\t<div class=\"elementor-widget-container\">\n\t\t\t\t\t\t\t\t\t<p>Tammy et son \u00e9quipe proposent uniquement des cours de snowboard. Avec des moniteurs tr\u00e8s sympas et p\u00e9dagogues qui ont la capacit\u00e9 d&rsquo;enseigner aux enfants d\u00e8s l&rsquo;\u00e2ge de 3 ans comment rider et le faire avec style ! <\/p>\n<div class=\"page\" title=\"Page 1\">\n<div class=\"section\">\n<div class=\"layoutArea\">\n<div class=\"column\">\n<p><a href=\"http:\/\/www.mintsnowboarding.com\" target=\"_blank\" rel=\"noopener\">www.mintsnowboarding.com<\/a><\/p>\n<\/div>\n<\/div>\n<\/div>\n<\/div>\t\t\t\t\t\t\t\t<\/div>\n\t\t\t\t<\/div>\n\t\t\t\t\t<\/div>\n\t\t\t\t<\/div>\n\t\t<div class=\"elementor-element elementor-element-42a5873 e-flex e-con-boxed e-con e-child\" data-id=\"42a5873\" data-element_type=\"container\" data-e-type=\"container\" data-settings=\"{&quot;jet_parallax_layout_list&quot;:[]}\">\n\t\t\t\t\t<div class=\"e-con-inner\">\n\t\t\t\t<div class=\"elementor-element elementor-element-88797ed elementor-widget elementor-widget-jet-headline\" data-id=\"88797ed\" data-element_type=\"widget\" data-e-type=\"widget\" data-widget_type=\"jet-headline.default\">\n\t\t\t\t<div class=\"elementor-widget-container\">\n\t\t\t\t\t<h5 class=\"jet-headline jet-headline--direction-vertical\"><span class=\"jet-headline__part jet-headline__first\"><span class=\"jet-headline__label\">Freedom2Ski<\/span><\/span><\/h5>\t\t\t\t<\/div>\n\t\t\t\t<\/div>\n\t\t\t\t<div class=\"elementor-element elementor-element-bd087e2 elementor-widget elementor-widget-text-editor\" data-id=\"bd087e2\" data-element_type=\"widget\" data-e-type=\"widget\" data-widget_type=\"text-editor.default\">\n\t\t\t\t<div class=\"elementor-widget-container\">\n\t\t\t\t\t\t\t\t\t<p>Pete et son \u00e9quipe proposent des cours priv\u00e9s et collectifs. Proposant \u00e9galement des sessions sp\u00e9cialis\u00e9es hors piste. <\/p>\n<p><a href=\"http:\/\/www.freedom2ski.com\" target=\"_blank\" rel=\"noopener\">www.freedom2ski.com<\/a><\/p>\t\t\t\t\t\t\t\t<\/div>\n\t\t\t\t<\/div>\n\t\t\t\t\t<\/div>\n\t\t\t\t<\/div>\n\t\t\t\t<\/div>\n\t\t\t\t\t<\/div>\n\t\t\t\t<\/div>\n\t\t\t\t<\/div>\n\t\t","protected":false},"excerpt":{"rendered":"<p>\u00e0 Morzine Cours de Ski et de Snowboard Nous travaillons en \u00e9troite collaboration avec un certain nombre d&rsquo;\u00e9coles de ski qui proposent une gamme de cours adapt\u00e9s \u00e0 diff\u00e9rents niveaux et budgets. Nous serons heureux de vous donner des recommandations en fonction de vos besoins sp\u00e9cifiques. Voici une liste de quelques-unes des meilleures options \u00e0 [&hellip;]<\/p>\n","protected":false},"author":1,"featured_media":0,"parent":0,"menu_order":0,"comment_status":"closed","ping_status":"closed","template":"elementor_header_footer","meta":{"footnotes":""},"categories":[],"class_list":["post-4587","page","type-page","status-publish","hentry"],"_links":{"self":[{"href":"https:\/\/mountainspaces.com\/fr\/wp-json\/wp\/v2\/pages\/4587","targetHints":{"allow":["GET"]}}],"collection":[{"href":"https:\/\/mountainspaces.com\/fr\/wp-json\/wp\/v2\/pages"}],"about":[{"href":"https:\/\/mountainspaces.com\/fr\/wp-json\/wp\/v2\/types\/page"}],"author":[{"embeddable":true,"href":"https:\/\/mountainspaces.com\/fr\/wp-json\/wp\/v2\/users\/1"}],"replies":[{"embeddable":true,"href":"https:\/\/mountainspaces.com\/fr\/wp-json\/wp\/v2\/comments?post=4587"}],"version-history":[{"count":0,"href":"https:\/\/mountainspaces.com\/fr\/wp-json\/wp\/v2\/pages\/4587\/revisions"}],"wp:attachment":[{"href":"https:\/\/mountainspaces.com\/fr\/wp-json\/wp\/v2\/media?parent=4587"}],"wp:term":[{"taxonomy":"categories","embeddable":true,"href":"https:\/\/mountainspaces.com\/fr\/wp-json\/wp\/v2\/categories?post=4587"}],"curies":[{"name":"wp","href":"https:\/\/api.w.org\/{rel}","templated":true}]}}