{"id":4585,"date":"2022-09-14T15:42:15","date_gmt":"2022-09-14T15:42:15","guid":{"rendered":"https:\/\/mountainspaces.com\/location-de-materiel\/"},"modified":"2022-10-17T17:14:05","modified_gmt":"2022-10-17T17:14:05","slug":"location-de-materiel","status":"publish","type":"page","link":"https:\/\/mountainspaces.com\/fr\/location-de-materiel\/","title":{"rendered":"Location de Ski"},"content":{"rendered":"\t\t<div data-elementor-type=\"wp-page\" data-elementor-id=\"4585\" class=\"elementor elementor-4585 elementor-3688\" data-elementor-post-type=\"page\">\n\t\t\t\t<div class=\"elementor-element elementor-element-1b70fac e-flex e-con-boxed e-con e-parent\" data-id=\"1b70fac\" data-element_type=\"container\" data-e-type=\"container\" data-settings=\"{&quot;jet_parallax_layout_list&quot;:[]}\">\n\t\t\t\t\t<div class=\"e-con-inner\">\n\t\t\t\t<div class=\"elementor-element elementor-element-3f3fdb8 elementor-widget elementor-widget-heading\" data-id=\"3f3fdb8\" data-element_type=\"widget\" data-e-type=\"widget\" data-widget_type=\"heading.default\">\n\t\t\t\t<div class=\"elementor-widget-container\">\n\t\t\t\t\t<div class=\"elementor-heading-title elementor-size-default\">Vous pouvez r\u00e9server en ligne avec All Mountain Rental<\/div>\t\t\t\t<\/div>\n\t\t\t\t<\/div>\n\t\t\t\t<div class=\"elementor-element elementor-element-cad10c7 elementor-widget elementor-widget-heading\" data-id=\"cad10c7\" data-element_type=\"widget\" data-e-type=\"widget\" data-widget_type=\"heading.default\">\n\t\t\t\t<div class=\"elementor-widget-container\">\n\t\t\t\t\t<h2 class=\"elementor-heading-title elementor-size-default\">Location de Ski<\/h2>\t\t\t\t<\/div>\n\t\t\t\t<\/div>\n\t\t\t\t<div class=\"elementor-element elementor-element-49981e6 elementor-widget__width-initial elementor-widget-tablet__width-inherit elementor-widget elementor-widget-text-editor\" data-id=\"49981e6\" data-element_type=\"widget\" data-e-type=\"widget\" data-widget_type=\"text-editor.default\">\n\t\t\t\t<div class=\"elementor-widget-container\">\n\t\t\t\t\t\t\t\t\t<p>Nous vous recommandons All Mountain Rental pour votre location de mat\u00e9riel. Une entreprise formidable au c\u00f4t\u00e9 de laquelle nous travaillons depuis de nombreuses ann\u00e9es, avec un personnel accueillant et comp\u00e9tent qui offre un service fluide permettant un incroyable gain de temps et de ne pas devoir attendre des heures dans le magasin !  <\/p>\n\t\t\t\t\t\t\t\t<\/div>\n\t\t\t\t<\/div>\n\t\t\t\t\t<\/div>\n\t\t\t\t<\/div>\n\t\t<div class=\"elementor-element elementor-element-3872dfa e-flex e-con-boxed e-con e-parent\" data-id=\"3872dfa\" data-element_type=\"container\" data-e-type=\"container\" data-settings=\"{&quot;background_background&quot;:&quot;classic&quot;,&quot;shape_divider_top&quot;:&quot;mountains&quot;,&quot;jet_parallax_layout_list&quot;:[]}\">\n\t\t\t\t\t<div class=\"e-con-inner\">\n\t\t\t\t<div class=\"elementor-shape elementor-shape-top\" aria-hidden=\"true\" data-negative=\"false\">\n\t\t\t<svg xmlns=\"http:\/\/www.w3.org\/2000\/svg\" viewBox=\"0 0 1000 100\" preserveAspectRatio=\"none\">\n\t<path class=\"elementor-shape-fill\" opacity=\"0.33\" d=\"M473,67.3c-203.9,88.3-263.1-34-320.3,0C66,119.1,0,59.7,0,59.7V0h1000v59.7 c0,0-62.1,26.1-94.9,29.3c-32.8,3.3-62.8-12.3-75.8-22.1C806,49.6,745.3,8.7,694.9,4.7S492.4,59,473,67.3z\"\/>\n\t<path class=\"elementor-shape-fill\" opacity=\"0.66\" d=\"M734,67.3c-45.5,0-77.2-23.2-129.1-39.1c-28.6-8.7-150.3-10.1-254,39.1 s-91.7-34.4-149.2,0C115.7,118.3,0,39.8,0,39.8V0h1000v36.5c0,0-28.2-18.5-92.1-18.5C810.2,18.1,775.7,67.3,734,67.3z\"\/>\n\t<path class=\"elementor-shape-fill\" d=\"M766.1,28.9c-200-57.5-266,65.5-395.1,19.5C242,1.8,242,5.4,184.8,20.6C128,35.8,132.3,44.9,89.9,52.5C28.6,63.7,0,0,0,0 h1000c0,0-9.9,40.9-83.6,48.1S829.6,47,766.1,28.9z\"\/>\n<\/svg>\t\t<\/div>\n\t\t<div class=\"elementor-element elementor-element-1b721a1 e-con-full e-flex elementor-invisible e-con e-child\" data-id=\"1b721a1\" data-element_type=\"container\" data-e-type=\"container\" data-settings=\"{&quot;animation&quot;:&quot;fadeInRight&quot;,&quot;jet_parallax_layout_list&quot;:[]}\">\n\t\t\t\t<div class=\"elementor-element elementor-element-2a1e03b elementor-widget elementor-widget-image\" data-id=\"2a1e03b\" data-element_type=\"widget\" data-e-type=\"widget\" data-widget_type=\"image.default\">\n\t\t\t\t<div class=\"elementor-widget-container\">\n\t\t\t\t\t\t\t\t\t\t\t\t\t\t\t\t<a href=\"https:\/\/allmountainrental.com\/\" target=\"_blank\" rel=\"noopener\">\n\t\t\t\t\t\t\t<img fetchpriority=\"high\" decoding=\"async\" width=\"800\" height=\"278\" src=\"https:\/\/mountainspaces.com\/wp-content\/uploads\/2022\/09\/AMR-logo-mountainspaces-1024x356.jpg\" class=\"attachment-large size-large wp-image-4148\" alt=\"\" srcset=\"https:\/\/mountainspaces.com\/wp-content\/uploads\/2022\/09\/AMR-logo-mountainspaces-1024x356.jpg 1024w, https:\/\/mountainspaces.com\/wp-content\/uploads\/2022\/09\/AMR-logo-mountainspaces-300x104.jpg 300w, https:\/\/mountainspaces.com\/wp-content\/uploads\/2022\/09\/AMR-logo-mountainspaces-768x267.jpg 768w, https:\/\/mountainspaces.com\/wp-content\/uploads\/2022\/09\/AMR-logo-mountainspaces-1536x534.jpg 1536w, https:\/\/mountainspaces.com\/wp-content\/uploads\/2022\/09\/AMR-logo-mountainspaces.jpg 2048w\" sizes=\"(max-width: 800px) 100vw, 800px\" \/>\t\t\t\t\t\t\t\t<\/a>\n\t\t\t\t\t\t\t\t\t\t\t\t\t\t\t<\/div>\n\t\t\t\t<\/div>\n\t\t\t\t<\/div>\n\t\t<div class=\"elementor-element elementor-element-d6cd72d e-con-full e-flex e-con e-child\" data-id=\"d6cd72d\" data-element_type=\"container\" data-e-type=\"container\" data-settings=\"{&quot;jet_parallax_layout_list&quot;:[]}\">\n\t\t<div class=\"elementor-element elementor-element-c1be9dd e-flex e-con-boxed e-con e-child\" data-id=\"c1be9dd\" data-element_type=\"container\" data-e-type=\"container\" data-settings=\"{&quot;jet_parallax_layout_list&quot;:[]}\">\n\t\t\t\t\t<div class=\"e-con-inner\">\n\t\t\t\t<div class=\"elementor-element elementor-element-ff3c382 elementor-widget elementor-widget-jet-headline\" data-id=\"ff3c382\" data-element_type=\"widget\" data-e-type=\"widget\" data-widget_type=\"jet-headline.default\">\n\t\t\t\t<div class=\"elementor-widget-container\">\n\t\t\t\t\t<h5 class=\"jet-headline jet-headline--direction-vertical\"><span class=\"jet-headline__part jet-headline__first\"><span class=\"jet-headline__label\">All Mountain Rental - Location de ski Morzine<\/span><\/span><span class=\"jet-headline__part jet-headline__second\"><span class=\"jet-headline__label\">Service Premium de location de skis et de snowboards \u00e0 Morzine<\/span><\/span><\/h5>\t\t\t\t<\/div>\n\t\t\t\t<\/div>\n\t\t\t\t<div class=\"elementor-element elementor-element-55c5900 elementor-widget elementor-widget-text-editor\" data-id=\"55c5900\" data-element_type=\"widget\" data-e-type=\"widget\" data-widget_type=\"text-editor.default\">\n\t\t\t\t<div class=\"elementor-widget-container\">\n\t\t\t\t\t\t\t\t\t<p>Gr\u00e2ce \u00e0 leur syst\u00e8me de r\u00e9servation en ligne, il vous suffit de commander votre \u00e9quipement avant votre arriv\u00e9e. Vous pouvez s\u00e9lectionner le nom de notre chalet dans lequel vous s\u00e9journez, vos dates de vacances, l\u2019\u00e9quipement que vous aimeriez &#8211; enfants ou adultes, puis on vous demandera la taille, le poids, la tranche d&rsquo;\u00e2ge, le niveau de ski et la pointure de chaque personne. <\/p>\n<p>All Mountain Rental livrera et installera tout votre mat\u00e9riel apr\u00e8s votre arriv\u00e9e \u00e0 16h, directement dans le confort de votre chalet. Ils auront convenu d&rsquo;un rendez-vous avec vous, alors ne vous inqui\u00e9tez pas si vous arrivez le soir car ils livrent jusqu&rsquo;\u00e0 20h-21h ou \u00e0 partir de 8h le matin. <\/p>\n<p>Si pendant votre s\u00e9jour vous avez des questions ou si vous souhaitez changer du mat\u00e9riel, contactez simplement All Mountain Rental et ils se rendront directement au chalet pour vous aider.<\/p>\n<p>\u00c0 la fin de votre dernier jour, vous pouvez simplement laisser tout votre \u00e9quipement de location au chalet et le personnel de All Mountain Rental viendra le r\u00e9cup\u00e9rer.<\/p>\n\t\t\t\t\t\t\t\t<\/div>\n\t\t\t\t<\/div>\n\t\t\t\t<div class=\"elementor-element elementor-element-18381df elementor-mobile-align-left elementor-align-left elementor-invisible elementor-widget elementor-widget-button\" data-id=\"18381df\" data-element_type=\"widget\" data-e-type=\"widget\" data-settings=\"{&quot;_animation&quot;:&quot;fadeInRight&quot;,&quot;_animation_delay&quot;:&quot;400&quot;,&quot;_animation_mobile&quot;:&quot;fadeIn&quot;}\" data-widget_type=\"button.default\">\n\t\t\t\t<div class=\"elementor-widget-container\">\n\t\t\t\t\t\t\t\t\t<div class=\"elementor-button-wrapper\">\n\t\t\t\t\t<a class=\"elementor-button elementor-button-link elementor-size-sm\" href=\"https:\/\/allmountainrental.com\/\" target=\"_blank\" rel=\"noopener\">\n\t\t\t\t\t\t<span class=\"elementor-button-content-wrapper\">\n\t\t\t\t\t\t\t\t\t<span class=\"elementor-button-text\">VOUS POUVEZ R\u00c9SERVER EN LIGNE ICI<\/span>\n\t\t\t\t\t<\/span>\n\t\t\t\t\t<\/a>\n\t\t\t\t<\/div>\n\t\t\t\t\t\t\t\t<\/div>\n\t\t\t\t<\/div>\n\t\t\t\t\t<\/div>\n\t\t\t\t<\/div>\n\t\t\t\t<\/div>\n\t\t\t\t\t<\/div>\n\t\t\t\t<\/div>\n\t\t\t\t<\/div>\n\t\t","protected":false},"excerpt":{"rendered":"<p>Vous pouvez r\u00e9server en ligne avec All Mountain Rental Nous vous recommandons All Mountain Rental pour votre location de mat\u00e9riel. Une entreprise formidable au c\u00f4t\u00e9 de laquelle nous travaillons depuis de nombreuses ann\u00e9es, avec un personnel accueillant et comp\u00e9tent qui offre un service fluide permettant un incroyable gain de temps et de ne pas devoir [&hellip;]<\/p>\n","protected":false},"author":1,"featured_media":0,"parent":0,"menu_order":0,"comment_status":"closed","ping_status":"closed","template":"elementor_header_footer","meta":{"footnotes":""},"categories":[],"class_list":["post-4585","page","type-page","status-publish","hentry"],"_links":{"self":[{"href":"https:\/\/mountainspaces.com\/fr\/wp-json\/wp\/v2\/pages\/4585","targetHints":{"allow":["GET"]}}],"collection":[{"href":"https:\/\/mountainspaces.com\/fr\/wp-json\/wp\/v2\/pages"}],"about":[{"href":"https:\/\/mountainspaces.com\/fr\/wp-json\/wp\/v2\/types\/page"}],"author":[{"embeddable":true,"href":"https:\/\/mountainspaces.com\/fr\/wp-json\/wp\/v2\/users\/1"}],"replies":[{"embeddable":true,"href":"https:\/\/mountainspaces.com\/fr\/wp-json\/wp\/v2\/comments?post=4585"}],"version-history":[{"count":0,"href":"https:\/\/mountainspaces.com\/fr\/wp-json\/wp\/v2\/pages\/4585\/revisions"}],"wp:attachment":[{"href":"https:\/\/mountainspaces.com\/fr\/wp-json\/wp\/v2\/media?parent=4585"}],"wp:term":[{"taxonomy":"categories","embeddable":true,"href":"https:\/\/mountainspaces.com\/fr\/wp-json\/wp\/v2\/categories?post=4585"}],"curies":[{"name":"wp","href":"https:\/\/api.w.org\/{rel}","templated":true}]}}